{"id":4973,"date":"2025-11-21T12:36:00","date_gmt":"2025-11-21T11:36:00","guid":{"rendered":"https:\/\/trgovina.geocacher.si\/?post_type=product&#038;p=4973"},"modified":"2025-12-21T13:30:49","modified_gmt":"2025-12-21T12:30:49","slug":"closing-2025-unboxing-2026-komplet","status":"publish","type":"product","link":"https:\/\/trgovina.geocacher.si\/en\/product\/closing-2025-unboxing-2026-komplet\/","title":{"rendered":"Closing 2025 \/ Unboxing 2026 komplet"},"content":{"rendered":"<p><a href=\"https:\/\/www.geocaching.com\/blog\/2025\/11\/celebrate-25-years-past-and-future-with-two-new-souvenirs\/\" target=\"_blank\" rel=\"noopener\">Spominki ob prehodu v novo leto<\/a> so postali geolovska stalnica. Enega dobimo za konec starega, drugega pa za za\u010detek novega leta. Leto\u0161nja motiva prikazujeta pospravljanje spominov na jubilejno leto 2025 in odkrivanje tistega, kar se nam geolovsko obeta v letu 2026.<\/p>\n<p>Spominka sta dva, komplet, ki ju spremlja, pa sestavljajo kar <strong>trije sledljiv\u010dki<\/strong>: Closing\/Unboxing <strong>geokovanec<\/strong>\u00a0 z motivoma spominkov na sprednji in zadnji strani ter <strong>sledljivi plo\u0161\u010dici <\/strong>s Closing in Unboxing motivoma. Vsak ima svojo sledilno kodo in ustrezno ikono.<\/p>\n<p>Spominka si boste prislu\u017eili s kakr\u0161no koli najdbo v \u010dasu <strong>od 24. do 31. decembra <\/strong>oziroma\u00a0<strong>od 1. do 8. januarja.<\/strong><\/p>","protected":false},"excerpt":{"rendered":"<p>Geolov ob zaklju\u010dku leta prina\u0161a dva spominka, Closing 2025 in Unboxing 2026. Spremljajo\u010di komplet pa kar tri sledljiv\u010dke: geokovanec in sledljivi plo\u0161\u010dici. In \u0161e \u010detrtega, saj nakupu prilo\u017eimo \u0161e <a href=\"https:\/\/trgovina.geocacher.si\/en\/product\/prazniki-2025-sledljiva-ploscica\/\">prazni\u010dni TB 2025<\/a>.<strong> Zadnji kos!<\/strong><\/p>","protected":false},"featured_media":4979,"template":"","meta":[],"product_brand":[],"product_cat":[145,66,32,31],"product_tag":[246],"class_list":{"0":"post-4973","1":"product","2":"type-product","3":"status-publish","4":"has-post-thumbnail","6":"product_cat-geobozicek2025","7":"product_cat-geocaching","8":"product_cat-geokovanci","9":"product_cat-sledljivcki","10":"product_tag-bozicni-geomarket-2025","12":"first","13":"outofstock","14":"shipping-taxable","15":"purchasable","16":"product-type-simple"},"_links":{"self":[{"href":"https:\/\/trgovina.geocacher.si\/en\/wp-json\/wp\/v2\/product\/4973","targetHints":{"allow":["GET"]}}],"collection":[{"href":"https:\/\/trgovina.geocacher.si\/en\/wp-json\/wp\/v2\/product"}],"about":[{"href":"https:\/\/trgovina.geocacher.si\/en\/wp-json\/wp\/v2\/types\/product"}],"wp:featuredmedia":[{"embeddable":true,"href":"https:\/\/trgovina.geocacher.si\/en\/wp-json\/wp\/v2\/media\/4979"}],"wp:attachment":[{"href":"https:\/\/trgovina.geocacher.si\/en\/wp-json\/wp\/v2\/media?parent=4973"}],"wp:term":[{"taxonomy":"product_brand","embeddable":true,"href":"https:\/\/trgovina.geocacher.si\/en\/wp-json\/wp\/v2\/product_brand?post=4973"},{"taxonomy":"product_cat","embeddable":true,"href":"https:\/\/trgovina.geocacher.si\/en\/wp-json\/wp\/v2\/product_cat?post=4973"},{"taxonomy":"product_tag","embeddable":true,"href":"https:\/\/trgovina.geocacher.si\/en\/wp-json\/wp\/v2\/product_tag?post=4973"}],"curies":[{"name":"wp","href":"https:\/\/api.w.org\/{rel}","templated":true}]}}