{"id":4995,"date":"2025-11-27T21:26:04","date_gmt":"2025-11-27T20:26:04","guid":{"rendered":"https:\/\/trgovina.geocacher.si\/?post_type=product&#038;p=4995"},"modified":"2026-03-27T23:57:39","modified_gmt":"2026-03-27T22:57:39","slug":"memory-maker-sledljiva-ploscica","status":"publish","type":"product","link":"https:\/\/trgovina.geocacher.si\/en\/product\/memory-maker-sledljiva-ploscica\/","title":{"rendered":"Memory Maker sledljiva plo\u0161\u010dica"},"content":{"rendered":"<p>Se \u0161e spomnite poletnega izziva <a href=\"https:\/\/www.geocacher.si\/ustvarjanje-spominov-poletni-lov-na-spominke\/\" target=\"_blank\" rel=\"noopener\">Ustvarjanje spominov<\/a> (Making Memories)? V eni od aktivnosti na temo 25-letnice igre smo na\u0161i maskoti Signalu z iskanjem zakladov pomagali napolniti spominsko knjigo s 25 milijoni strani. \u010ce ste od 21. julija do do 17. avgusta 2025 na\u0161li vsaj en zaklad, imate zagotovo vsaj en spominek iz tega izziva. Otipljiv spominek na poletni geolov in 25-letnico igre pa je ta pisana sledljiva plo\u0161\u010dica, ki z merami 5 x 4,5 cm spada med ve\u010dje. Pripravljena na potovanje po svetu, lepo pa se poda tudi kot okras za kak kos geoopreme.<\/p>","protected":false},"excerpt":{"rendered":"<p>Sledljiva plo\u0161\u010dica z motivom izziva Ustvarjanje spominov (Making Memories), ki nam je popestril geopoletje 2025. Pripravljena na potovanje po svetu, lepo pa se poda tudi kot okras za kak kos geoopreme.<\/p>","protected":false},"featured_media":4996,"template":"","meta":[],"product_brand":[],"product_cat":[67,31],"product_tag":[],"class_list":{"0":"post-4995","1":"product","2":"type-product","3":"status-publish","4":"has-post-thumbnail","6":"product_cat-ploscice-travel-tag","7":"product_cat-sledljivcki","9":"first","10":"instock","11":"shipping-taxable","12":"purchasable","13":"product-type-simple"},"_links":{"self":[{"href":"https:\/\/trgovina.geocacher.si\/en\/wp-json\/wp\/v2\/product\/4995","targetHints":{"allow":["GET"]}}],"collection":[{"href":"https:\/\/trgovina.geocacher.si\/en\/wp-json\/wp\/v2\/product"}],"about":[{"href":"https:\/\/trgovina.geocacher.si\/en\/wp-json\/wp\/v2\/types\/product"}],"wp:featuredmedia":[{"embeddable":true,"href":"https:\/\/trgovina.geocacher.si\/en\/wp-json\/wp\/v2\/media\/4996"}],"wp:attachment":[{"href":"https:\/\/trgovina.geocacher.si\/en\/wp-json\/wp\/v2\/media?parent=4995"}],"wp:term":[{"taxonomy":"product_brand","embeddable":true,"href":"https:\/\/trgovina.geocacher.si\/en\/wp-json\/wp\/v2\/product_brand?post=4995"},{"taxonomy":"product_cat","embeddable":true,"href":"https:\/\/trgovina.geocacher.si\/en\/wp-json\/wp\/v2\/product_cat?post=4995"},{"taxonomy":"product_tag","embeddable":true,"href":"https:\/\/trgovina.geocacher.si\/en\/wp-json\/wp\/v2\/product_tag?post=4995"}],"curies":[{"name":"wp","href":"https:\/\/api.w.org\/{rel}","templated":true}]}}