{"id":5076,"date":"2026-02-24T23:34:01","date_gmt":"2026-02-24T22:34:01","guid":{"rendered":"https:\/\/trgovina.geocacher.si\/?post_type=product&#038;p=5076"},"modified":"2026-03-03T21:56:42","modified_gmt":"2026-03-03T20:56:42","slug":"sledljiva-ploscica-pomladno-enakonocje-2026","status":"publish","type":"product","link":"https:\/\/trgovina.geocacher.si\/en\/product\/sledljiva-ploscica-pomladno-enakonocje-2026\/","title":{"rendered":"Sledljiva plo\u0161\u010dica Pomladno enakono\u010dje 2026"},"content":{"rendered":"<p>Na na\u0161i polobli mar\u010dno enakono\u010dje pomeni koledarski za\u010detek pomladi. Za\u010detek pomladi oznanja tudi sledljiva plo\u0161\u010dica z motivom leto\u0161njega pomladnega spominka. Prva od \u0161tirih v seriji Letni \u010dasi 2026. <strong>Naro\u010dite jo \u010dim prej.<\/strong> Dobavo lahko pri\u010dakujete v prvi polovici marca. Morda \u017ee na gregor\u010dkih!<\/p>","protected":false},"excerpt":{"rendered":"<p>Na na\u0161i polobli mar\u010dno enakono\u010dje pomeni koledarski za\u010detek pomladi. Za\u010detek pomladi oznanja tudi sledljiva plo\u0161\u010dica z motivom leto\u0161njega pomladnega spominka. Prva od \u0161tirih v seriji Letni \u010dasi 2026. <strong>Naro\u010dite jo \u010dim prej.<\/strong> Dobavo lahko pri\u010dakujete v prvi polovici marca. Morda \u017ee na gregor\u010dkih!<\/p>","protected":false},"featured_media":5077,"template":"","meta":[],"product_brand":[],"product_cat":[67,31],"product_tag":[],"class_list":{"0":"post-5076","1":"product","2":"type-product","3":"status-publish","4":"has-post-thumbnail","6":"product_cat-ploscice-travel-tag","7":"product_cat-sledljivcki","9":"first","10":"instock","11":"shipping-taxable","12":"purchasable","13":"product-type-simple"},"_links":{"self":[{"href":"https:\/\/trgovina.geocacher.si\/en\/wp-json\/wp\/v2\/product\/5076","targetHints":{"allow":["GET"]}}],"collection":[{"href":"https:\/\/trgovina.geocacher.si\/en\/wp-json\/wp\/v2\/product"}],"about":[{"href":"https:\/\/trgovina.geocacher.si\/en\/wp-json\/wp\/v2\/types\/product"}],"wp:featuredmedia":[{"embeddable":true,"href":"https:\/\/trgovina.geocacher.si\/en\/wp-json\/wp\/v2\/media\/5077"}],"wp:attachment":[{"href":"https:\/\/trgovina.geocacher.si\/en\/wp-json\/wp\/v2\/media?parent=5076"}],"wp:term":[{"taxonomy":"product_brand","embeddable":true,"href":"https:\/\/trgovina.geocacher.si\/en\/wp-json\/wp\/v2\/product_brand?post=5076"},{"taxonomy":"product_cat","embeddable":true,"href":"https:\/\/trgovina.geocacher.si\/en\/wp-json\/wp\/v2\/product_cat?post=5076"},{"taxonomy":"product_tag","embeddable":true,"href":"https:\/\/trgovina.geocacher.si\/en\/wp-json\/wp\/v2\/product_tag?post=5076"}],"curies":[{"name":"wp","href":"https:\/\/api.w.org\/{rel}","templated":true}]}}