{"id":5079,"date":"2026-02-25T08:37:46","date_gmt":"2026-02-25T07:37:46","guid":{"rendered":"https:\/\/trgovina.geocacher.si\/?post_type=product&#038;p=5079"},"modified":"2026-03-03T21:55:23","modified_gmt":"2026-03-03T20:55:23","slug":"geokovanec-cito-2026","status":"publish","type":"product","link":"https:\/\/trgovina.geocacher.si\/en\/product\/geokovanec-cito-2026\/","title":{"rendered":"Geokovanec CITO 2026"},"content":{"rendered":"<p>S prvim dnevom koledarske pomladi se <strong>pri\u010dne CITO-sezona<\/strong>. Kdor se bo v \u010dasu od 1. marca do 31. maja 2026 udele\u017eil vsaj enega CITO-dogodka, si bo prislu\u017eil pomladni spominek. Potem bomo po poletnem premoru poonovili zgodbo od 1. septembra do 30. novembra za jesenski spominek.<\/p>\n<p>Geokovanec z motivom CITO-sezone 2026 je \u017ee na voljo. Kdor vrtnari v visokih ali nizkih gredah se bo nedvomno takoj ogrel zanj. <strong>Zagotovite si ga lahko po naro\u010dilu<\/strong>. Naro\u010dite \u010dim prej, prva mo\u017enost za dobavo bo \u017ee v prvi polovici marca. Morda \u017ee na gregor\u010dkih.<\/p>\n<p>Na voljo je tudi <a href=\"https:\/\/trgovina.geocacher.si\/en\/product\/sledljiva-ploscica-cito-2026\/\">sledljiva plo\u0161\u010dica CITO 2026<\/a>.<\/p>","protected":false},"excerpt":{"rendered":"<p>Geokovanec z motivom CITO-sezone 2026 je \u017ee na voljo. Kdor vrtnari v visokih ali nizkih gredah se bo nedvomno takoj ogrel zanj. <strong>Zagotovite si ga lahko po naro\u010dilu<\/strong>. Naro\u010dite \u010dim prej, prva mo\u017enost za dobavo bo \u017ee v prvi polovici marca. Morda \u017ee na gregor\u010dkih.<\/p>","protected":false},"featured_media":5082,"template":"","meta":[],"product_brand":[],"product_cat":[32,142,31],"product_tag":[248],"class_list":{"0":"post-5079","1":"product","2":"type-product","3":"status-publish","4":"has-post-thumbnail","6":"product_cat-geokovanci","7":"product_cat-prednarocilo","8":"product_cat-sledljivcki","9":"product_tag-cito","11":"first","12":"outofstock","13":"shipping-taxable","14":"purchasable","15":"product-type-simple"},"_links":{"self":[{"href":"https:\/\/trgovina.geocacher.si\/en\/wp-json\/wp\/v2\/product\/5079","targetHints":{"allow":["GET"]}}],"collection":[{"href":"https:\/\/trgovina.geocacher.si\/en\/wp-json\/wp\/v2\/product"}],"about":[{"href":"https:\/\/trgovina.geocacher.si\/en\/wp-json\/wp\/v2\/types\/product"}],"wp:featuredmedia":[{"embeddable":true,"href":"https:\/\/trgovina.geocacher.si\/en\/wp-json\/wp\/v2\/media\/5082"}],"wp:attachment":[{"href":"https:\/\/trgovina.geocacher.si\/en\/wp-json\/wp\/v2\/media?parent=5079"}],"wp:term":[{"taxonomy":"product_brand","embeddable":true,"href":"https:\/\/trgovina.geocacher.si\/en\/wp-json\/wp\/v2\/product_brand?post=5079"},{"taxonomy":"product_cat","embeddable":true,"href":"https:\/\/trgovina.geocacher.si\/en\/wp-json\/wp\/v2\/product_cat?post=5079"},{"taxonomy":"product_tag","embeddable":true,"href":"https:\/\/trgovina.geocacher.si\/en\/wp-json\/wp\/v2\/product_tag?post=5079"}],"curies":[{"name":"wp","href":"https:\/\/api.w.org\/{rel}","templated":true}]}}