{"id":5085,"date":"2026-02-25T08:54:17","date_gmt":"2026-02-25T07:54:17","guid":{"rendered":"https:\/\/trgovina.geocacher.si\/?post_type=product&#038;p=5085"},"modified":"2026-03-03T21:56:55","modified_gmt":"2026-03-03T20:56:55","slug":"sledljiva-ploscica-cito-2026","status":"publish","type":"product","link":"https:\/\/trgovina.geocacher.si\/en\/product\/sledljiva-ploscica-cito-2026\/","title":{"rendered":"Sledljiva plo\u0161\u010dica CITO 2026"},"content":{"rendered":"<p>S prvim dnevom koledarske pomladi se <strong>pri\u010dne CITO-sezona<\/strong>. Kdor se bo v \u010dasu od 1. marca do 31. maja 2026 udele\u017eil vsaj enega CITO-dogodka, si bo prislu\u017eil pomladni spominek. Potem bomo po poletnem premoru poonovili zgodbo od 1. septembra do 30. novembra za jesenski spominek.<\/p>\n<p>Sledljiva plo\u0161\u010dica z motivom CITO-sezone 2026 je \u017ee na voljo. Kdor vrtnari v visokih ali nizkih gredah se bo nedvomno takoj ogrel zanjo. <strong>Zagotovite si jo lahko po naro\u010dilu <\/strong>(morda bo kak\u0161na tudi na zalogi). Naro\u010dite \u010dim prej, prva mo\u017enost za dobavo bo \u017ee v prvi polovici marca. Morda \u017ee na gregor\u010dkih.<\/p>\n<p>Na voljo pa je tudi <a href=\"https:\/\/trgovina.geocacher.si\/en\/product\/geokovanec-cito-2026\/\">geokovanec CITO 2026<\/a>.<\/p>","protected":false},"excerpt":{"rendered":"<p>Sledljiva plo\u0161\u010dica z motivom CITO-sezone 2026 je \u017ee na voljo. Kdor vrtnari v visokih ali nizkih gredah se bo nedvomno takoj ogrel zanjo. <strong>Zagotovite si jo lahko po naro\u010dilu <\/strong>(morda bo kak\u0161na tudi na zalogi). Naro\u010dite \u010dim prej, prva mo\u017enost za dobavo bo \u017ee v prvi polovici marca. Morda \u017ee na gregor\u010dkih.<strong><br \/>\n<\/strong><\/p>","protected":false},"featured_media":5087,"template":"","meta":[],"product_brand":[],"product_cat":[67,31],"product_tag":[248],"class_list":{"0":"post-5085","1":"product","2":"type-product","3":"status-publish","4":"has-post-thumbnail","6":"product_cat-ploscice-travel-tag","7":"product_cat-sledljivcki","8":"product_tag-cito","10":"first","11":"instock","12":"shipping-taxable","13":"purchasable","14":"product-type-simple"},"_links":{"self":[{"href":"https:\/\/trgovina.geocacher.si\/en\/wp-json\/wp\/v2\/product\/5085","targetHints":{"allow":["GET"]}}],"collection":[{"href":"https:\/\/trgovina.geocacher.si\/en\/wp-json\/wp\/v2\/product"}],"about":[{"href":"https:\/\/trgovina.geocacher.si\/en\/wp-json\/wp\/v2\/types\/product"}],"wp:featuredmedia":[{"embeddable":true,"href":"https:\/\/trgovina.geocacher.si\/en\/wp-json\/wp\/v2\/media\/5087"}],"wp:attachment":[{"href":"https:\/\/trgovina.geocacher.si\/en\/wp-json\/wp\/v2\/media?parent=5085"}],"wp:term":[{"taxonomy":"product_brand","embeddable":true,"href":"https:\/\/trgovina.geocacher.si\/en\/wp-json\/wp\/v2\/product_brand?post=5085"},{"taxonomy":"product_cat","embeddable":true,"href":"https:\/\/trgovina.geocacher.si\/en\/wp-json\/wp\/v2\/product_cat?post=5085"},{"taxonomy":"product_tag","embeddable":true,"href":"https:\/\/trgovina.geocacher.si\/en\/wp-json\/wp\/v2\/product_tag?post=5085"}],"curies":[{"name":"wp","href":"https:\/\/api.w.org\/{rel}","templated":true}]}}