{"id":5099,"date":"2026-04-01T09:26:47","date_gmt":"2026-04-01T07:26:47","guid":{"rendered":"https:\/\/trgovina.geocacher.si\/?post_type=product&#038;p=5099"},"modified":"2026-05-12T09:27:41","modified_gmt":"2026-05-12T07:27:41","slug":"geocaching-travel-bug-ng-new-generation","status":"publish","type":"product","link":"https:\/\/trgovina.geocacher.si\/en\/product\/geocaching-travel-bug-ng-new-generation\/","title":{"rendered":"Geocaching Travel Bug\u00ae NG (New Generation)"},"content":{"rendered":"<div class=\"product-info-main\">\n<div class=\"product attribute overview\">\n<div>\n<p>Geocaching Travel Bug\u00ae je najbolj prvinski sledljiv\u010dek. Plo\u0161\u010dice te vrste \u017ee skoraj dve desetletji potujejo od zaklada do zaklada in zbirajo popotne zgodbe. Gotovo ste jo \u017ee na\u0161li v kak\u0161nem zakladu, pripeto na potnika. Tudi potovanje Travel Bug\u00ae sledljiv\u010dka lahko spremljate na posebni strani na spleti\u0161\u010du geocaching.com. Nekateri dose\u017eki so impresivni.<\/p>\n<p><strong>Travel Bug\u00ae NG<\/strong> pa je nova generacija priljubljenega hro\u0161\u010dka, saj zdru\u017euje tehnologijo, ki je \u017ee v uporabi v medicinskih senzorjih za 24-urne znotrajtelesne meritve, in satelitsko internetno omre\u017eje Starlink ter tako zagotavlja popolno sledljivost kjer koli na svetu. Svoj TB lahko spremljate 24-ur na dan in ukrepate, \u010de opazite, da je obti\u010dal pri neodzivnem geolovcu ali na kak\u0161nem nenavadnem kraju.<\/p>\n<p>Zanesljiva in trpe\u017ena plo\u0161\u010dica meri pribli\u017eno 50 \u00d7 30 mm. Prilo\u017eena je veri\u017eica, s katero jo pripnete na potnika, da bosta ostala na poti trdno povezana. V zavoj\u010dku pa je tudi kopija, ki jo lahko po\u0161ljete v svet, \u010de se izvirnik \u00bbutrudi\u00ab in zaklju\u010di potovanje ali fizi\u010dno uni\u010di.<\/p>\n<p><strong>Travel Bug\u00ae NG<\/strong> je na voljo po naro\u010dilu. \u010ce ga kupite z namenom sodelovanja v prihajajo\u010di Dirki sledljiv\u010dkov 2026,\u00a0 je \u0161e 14 % cenej\u0161i (<strong>uporabite kodo DIRKA14<\/strong>). Naro\u010dite ga \u010dim prej, saj je povpra\u0161evanje pri dobavitelju zelo veliko. Dobavljen bo do najkasneje 31. aprila 2026.<\/p>\n<\/div>\n<\/div>\n<\/div>","protected":false},"excerpt":{"rendered":"<p>[<strong>Ne spreglejte, da je bil izdelek dodan v trgovino 1. aprila 2026<\/strong> \ud83d\ude02] Geocaching Travel Bug\u00ae je najbolj prvinski sledljiv\u010dek. Plo\u0161\u010dice te vrste \u017ee skoraj dve desetletji potujejo od zaklada do zaklada in zbirajo popotne zgodbe. <strong>Travel Bug\u00ae NG<\/strong> pa je nova generacija priljubljenega hro\u0161\u010dka, saj zdru\u017euje tehnologijo, ki je \u017ee v uporabi v medicinskih senzorjih za 24-urne znotrajtelesne meritve, in satelitsko internetno omre\u017eje Starlink ter tako zagotavlja popolno sledljivost kjer koli na svetu. Naro\u010dite ga \u010dim prej, saj je povpra\u0161evanje pri dobavitelju zelo veliko. Dobavljen bo do najkasneje 31. aprila 2026.<\/p>\n","protected":false},"featured_media":5100,"template":"","meta":[],"product_brand":[],"product_cat":[66,67,31],"product_tag":[],"class_list":{"0":"post-5099","1":"product","2":"type-product","3":"status-publish","4":"has-post-thumbnail","6":"product_cat-geocaching","7":"product_cat-ploscice-travel-tag","8":"product_cat-sledljivcki","10":"first","11":"onbackorder","12":"shipping-taxable","13":"purchasable","14":"product-type-simple"},"_links":{"self":[{"href":"https:\/\/trgovina.geocacher.si\/en\/wp-json\/wp\/v2\/product\/5099","targetHints":{"allow":["GET"]}}],"collection":[{"href":"https:\/\/trgovina.geocacher.si\/en\/wp-json\/wp\/v2\/product"}],"about":[{"href":"https:\/\/trgovina.geocacher.si\/en\/wp-json\/wp\/v2\/types\/product"}],"wp:featuredmedia":[{"embeddable":true,"href":"https:\/\/trgovina.geocacher.si\/en\/wp-json\/wp\/v2\/media\/5100"}],"wp:attachment":[{"href":"https:\/\/trgovina.geocacher.si\/en\/wp-json\/wp\/v2\/media?parent=5099"}],"wp:term":[{"taxonomy":"product_brand","embeddable":true,"href":"https:\/\/trgovina.geocacher.si\/en\/wp-json\/wp\/v2\/product_brand?post=5099"},{"taxonomy":"product_cat","embeddable":true,"href":"https:\/\/trgovina.geocacher.si\/en\/wp-json\/wp\/v2\/product_cat?post=5099"},{"taxonomy":"product_tag","embeddable":true,"href":"https:\/\/trgovina.geocacher.si\/en\/wp-json\/wp\/v2\/product_tag?post=5099"}],"curies":[{"name":"wp","href":"https:\/\/api.w.org\/{rel}","templated":true}]}}