{"id":5111,"date":"2026-04-16T22:09:29","date_gmt":"2026-04-16T20:09:29","guid":{"rendered":"https:\/\/trgovina.geocacher.si\/?post_type=product&#038;p=5111"},"modified":"2026-04-17T10:49:43","modified_gmt":"2026-04-17T08:49:43","slug":"modro-stikalo-blue-switch-geokovanec-2026-ucinek-metulja","status":"publish","type":"product","link":"https:\/\/trgovina.geocacher.si\/en\/product\/modro-stikalo-blue-switch-geokovanec-2026-ucinek-metulja\/","title":{"rendered":"Modro stikalo (Blue Switch) geokovanec 2026 \u00bbU\u010dinek metulja\u00ab"},"content":{"rendered":"<p>Drugega maja se vsako leto spomnimo dogodka, ko so ZDA leta 2000, po geolovski legendi seveda, s preklopom \u00bbVelikega modrega stikala\u00ab prenehale z na\u010drtnim motenjem GPS signala. Lokacijski sistem GPS je tako postal uporaben za civilno rabo. \u017de naslednji dan je ameri\u010dan Dave Ulmer <a href=\"https:\/\/www.geocacher.si\/tam-kjer-se-je-vse-zacelo\/\">v gozdu skril vedro<\/a>, polno uporabnih predmetov za menjavo in objavil koordinate\u2026 V petindvajsetih letih je igra zrasla v edinstveno skupnost geolovcev, ki se podijo za ve\u010d kot tremi milijoni skritih zakladov.<\/p>\n<figure style=\"width: 600px\" class=\"wp-caption aligncenter\"><img decoding=\"async\" class=\"size-medium\" src=\"https:\/\/www.geocacher.si\/wp-content\/uploads\/2023\/01\/stash_lead-1024x576.jpg\" width=\"600\" \/><figcaption class=\"wp-caption-text\">Kraj, kjer je bil skrit prvi zaklad, danes ozna\u010duje spominska plo\u0161\u010da<\/figcaption><\/figure>\n<p>Na ta geozgodovinski dogodek nas spominja tudi geokovanec. Leto\u0161nja izvedba, poimenovana \u00bbU\u010dinek metulja\u00ab, je \u0161e imenitnej\u0161a kot lansko leto. Modri metulj, na katerem ne manjka ble\u0161\u010dic, meri razprt \u010dez krila pribli\u017eno 10 cm (zaprt pa torej pol manj). <strong>Kovanec je na voljo po naro\u010dilu. Naro\u010dite \u010dim prej, dobava konec maja ali v za\u010detku junija <\/strong>(\u010de bo naro\u010dil dovolj morda tudi \u017ee prej).<strong><br \/>\n<\/strong><\/p>","protected":false},"excerpt":{"rendered":"<p>Drugega maja 2000 so ZDA, po geolovski legendi seveda, s preklopom \u00bbVelikega modrega stikala\u00ab prenehale z na\u010drtnim motenjem GPS signala. Lokacijski sistem GPS je tako postal uporaben za civilno rabo. Na ta geozgodovinski dogodek nas spominja tudi geokovanec. Leto\u0161nja izvedba, poimenovana \u00bbU\u010dinek metulja\u00ab, je \u0161e imenitnej\u0161a kot lansko leto. Modri metulj, na katerem ne manjka ble\u0161\u010dic, meri razprt \u010dez krila pribli\u017eno 10 cm! <strong>Kovanec je na voljo po naro\u010dilu. Naro\u010dite \u010dim prej, dobava konec maja ali v za\u010detku junija <\/strong>(\u010de bo naro\u010dil dovolj morda tudi \u017ee prej).<\/p>","protected":false},"featured_media":5113,"template":"","meta":[],"product_brand":[],"product_cat":[66,32,142,31],"product_tag":[],"class_list":{"0":"post-5111","1":"product","2":"type-product","3":"status-publish","4":"has-post-thumbnail","6":"product_cat-geocaching","7":"product_cat-geokovanci","8":"product_cat-prednarocilo","9":"product_cat-sledljivcki","11":"first","12":"onbackorder","13":"shipping-taxable","14":"purchasable","15":"product-type-simple"},"_links":{"self":[{"href":"https:\/\/trgovina.geocacher.si\/en\/wp-json\/wp\/v2\/product\/5111","targetHints":{"allow":["GET"]}}],"collection":[{"href":"https:\/\/trgovina.geocacher.si\/en\/wp-json\/wp\/v2\/product"}],"about":[{"href":"https:\/\/trgovina.geocacher.si\/en\/wp-json\/wp\/v2\/types\/product"}],"wp:featuredmedia":[{"embeddable":true,"href":"https:\/\/trgovina.geocacher.si\/en\/wp-json\/wp\/v2\/media\/5113"}],"wp:attachment":[{"href":"https:\/\/trgovina.geocacher.si\/en\/wp-json\/wp\/v2\/media?parent=5111"}],"wp:term":[{"taxonomy":"product_brand","embeddable":true,"href":"https:\/\/trgovina.geocacher.si\/en\/wp-json\/wp\/v2\/product_brand?post=5111"},{"taxonomy":"product_cat","embeddable":true,"href":"https:\/\/trgovina.geocacher.si\/en\/wp-json\/wp\/v2\/product_cat?post=5111"},{"taxonomy":"product_tag","embeddable":true,"href":"https:\/\/trgovina.geocacher.si\/en\/wp-json\/wp\/v2\/product_tag?post=5111"}],"curies":[{"name":"wp","href":"https:\/\/api.w.org\/{rel}","templated":true}]}}