{"id":5136,"date":"2026-05-02T07:23:42","date_gmt":"2026-05-02T05:23:42","guid":{"rendered":"https:\/\/trgovina.geocacher.si\/?post_type=product&#038;p=5136"},"modified":"2026-05-02T10:31:02","modified_gmt":"2026-05-02T08:31:02","slug":"sledljiva-ploscica-25-let-geocachinga-v-sloveniji","status":"publish","type":"product","link":"https:\/\/trgovina.geocacher.si\/en\/product\/sledljiva-ploscica-25-let-geocachinga-v-sloveniji\/","title":{"rendered":"Sledljiva plo\u0161\u010dica 25 let geocachinga v Sloveniji"},"content":{"rendered":"<p>V letu 2025 smo praznovali 25-letnico igre geocaching, letos pa je pri\u0161lo na vrsto na\u0161e doma\u010de praznovanje. Konec junija 2026 bo preteklo 25 let, odkar je ekipa z zagonetnim imenom <a href=\"https:\/\/www.geocaching.com\/profile\/?guid=75d7d234-36f8-4916-9d0e-455ae3fb1243&amp;wid=f7b3276b-6e62-423c-890e-f15bde596f2d\" target=\"_blank\" rel=\"noopener\">Team Humuhumunukunukuapuaa<\/a> na Strunjanskem klifu postavila <a href=\"https:\/\/www.geocacher.si\/dvajset-let-igre-geocaching-v-sloveniji\/\" target=\"_blank\" rel=\"noopener\">prvi zaklad v Sloveniji<\/a>. Zaklad razveseljuje najditelje \u0161e danes, \u010deprav ne ve\u010d na izvirni lokaciji (tam se nahaja <a href=\"https:\/\/coord.info\/GC8927Y\" target=\"_blank\" rel=\"noopener\">virtualni zaklad<\/a>). To geozgodovinsko obletnico bomo po\u010dastili z vsaj enim geolovskim dogodkom in novim izvirnim slovenskim sledljiv\u010dkom.<\/p>\n<p>Sledljiva plo\u0161\u010dica v obliki petindvajsetice ima na sprednji strani upodobitev Strunjanskega klifa, kot je videti skoraj natanko z lokacije, kjer je bil postavljen prvi slovenski zaklad, na zadnji strani pa nekaj zna\u010dilno slovenskih ikon. Riba, ki se na sprednji strani skriva v trebuhu petice, je majhen poklon ekipi, ki je postavila Slovenijo na geolovski zemljevid. Neizgovorljivi humuhumunukunukuapua&#8217;a je namre\u010d havajsko ime za vrsto balestre (<a href=\"https:\/\/en.wikipedia.org\/wiki\/Reef_triggerfish\" target=\"_blank\" rel=\"noopener\"><i>Rhinecanthus rectangulus<\/i><\/a>), ki sicer prebiva na koralnih grebenih tropskih morij.<\/p>\n<div id='gallery-1' class='gallery galleryid-5136 gallery-columns-2 gallery-size-medium'><figure class='gallery-item'>\n\t\t\t<div class='gallery-icon landscape'>\n\t\t\t\t<a href='https:\/\/trgovina.geocacher.si\/wp-content\/uploads\/2026\/04\/25_tb_potovalni1sq.jpg'><img fetchpriority=\"high\" decoding=\"async\" width=\"300\" height=\"300\" src=\"https:\/\/trgovina.geocacher.si\/wp-content\/uploads\/2026\/04\/25_tb_potovalni1sq-300x300.jpg\" class=\"attachment-medium size-medium\" alt=\"\" srcset=\"https:\/\/trgovina.geocacher.si\/wp-content\/uploads\/2026\/04\/25_tb_potovalni1sq-300x300.jpg 300w, https:\/\/trgovina.geocacher.si\/wp-content\/uploads\/2026\/04\/25_tb_potovalni1sq-150x150.jpg 150w, https:\/\/trgovina.geocacher.si\/wp-content\/uploads\/2026\/04\/25_tb_potovalni1sq-768x768.jpg 768w, https:\/\/trgovina.geocacher.si\/wp-content\/uploads\/2026\/04\/25_tb_potovalni1sq-12x12.jpg 12w, https:\/\/trgovina.geocacher.si\/wp-content\/uploads\/2026\/04\/25_tb_potovalni1sq-600x600.jpg 600w, https:\/\/trgovina.geocacher.si\/wp-content\/uploads\/2026\/04\/25_tb_potovalni1sq-100x100.jpg 100w, https:\/\/trgovina.geocacher.si\/wp-content\/uploads\/2026\/04\/25_tb_potovalni1sq.jpg 800w\" sizes=\"(max-width: 300px) 100vw, 300px\" \/><\/a>\n\t\t\t<\/div><\/figure><figure class='gallery-item'>\n\t\t\t<div class='gallery-icon landscape'>\n\t\t\t\t<a href='https:\/\/trgovina.geocacher.si\/wp-content\/uploads\/2026\/05\/25_tb_potovalni2b.jpg'><img decoding=\"async\" width=\"300\" height=\"300\" src=\"https:\/\/trgovina.geocacher.si\/wp-content\/uploads\/2026\/05\/25_tb_potovalni2b-300x300.jpg\" class=\"attachment-medium size-medium\" alt=\"\" srcset=\"https:\/\/trgovina.geocacher.si\/wp-content\/uploads\/2026\/05\/25_tb_potovalni2b-300x300.jpg 300w, https:\/\/trgovina.geocacher.si\/wp-content\/uploads\/2026\/05\/25_tb_potovalni2b-1024x1024.jpg 1024w, https:\/\/trgovina.geocacher.si\/wp-content\/uploads\/2026\/05\/25_tb_potovalni2b-150x150.jpg 150w, https:\/\/trgovina.geocacher.si\/wp-content\/uploads\/2026\/05\/25_tb_potovalni2b-768x768.jpg 768w, https:\/\/trgovina.geocacher.si\/wp-content\/uploads\/2026\/05\/25_tb_potovalni2b-12x12.jpg 12w, https:\/\/trgovina.geocacher.si\/wp-content\/uploads\/2026\/05\/25_tb_potovalni2b-600x600.jpg 600w, https:\/\/trgovina.geocacher.si\/wp-content\/uploads\/2026\/05\/25_tb_potovalni2b-100x100.jpg 100w, https:\/\/trgovina.geocacher.si\/wp-content\/uploads\/2026\/05\/25_tb_potovalni2b.jpg 1300w\" sizes=\"(max-width: 300px) 100vw, 300px\" \/><\/a>\n\t\t\t<\/div><\/figure>\n\t\t<\/div>\n\n<p>Plo\u0161\u010dica je izdelana v dveh razli\u010dicah. <strong>Potovalna razli\u010dica<\/strong> je izdelana iz aluminija kot ve\u010dina potovalnih sledljiv\u010dkov. Namenjena je potovanju od zaklada do zaklada, samostojno ali pripeta na kak\u0161nega potnika. <strong>Collector's (Limited) Edition<\/strong> je izdelana iz medenine v <strong>omejeni nakladi<\/strong>. V roki je te\u017eja in tako na otip kot pogled \u017elahtnej\u0161a od potovalne. Ne boste je \u017eeleli dati iz rok.<\/p>\n<p>Plo\u0161\u010dica meri 45 x 58 mm, trajno lepoto pa ji zagotavlja epoksi prevleka na obeh straneh. Prilo\u017eena je tudi veri\u017eica standardne dol\u017eine. Razume se, da je plo\u0161\u010dica sledljiva na geolovskem spleti\u0161\u010du, imela bo tudi lastno ikono.<\/p>\n<p>Jubilejni sledljiv\u010dek je <strong>\u017ee na voljo v prednaro\u010dilu<\/strong>, dobavljen pa bo predvidoma <strong>v drugi polovici junija<\/strong> v \u010dasu okrog obletnice. Prevzeti ga bo mogo\u010de osebno na geolovskih dogodkih, seveda ga tudi po\u0161ljemo. <strong>Prosimo, oddajte svoja naro\u010dila \u010dim prej in nam tako pomagajte oceniti kon\u010dno naklado!<\/strong><\/p>","protected":false},"excerpt":{"rendered":"<p>Konec junija 2026 bo preteklo 25 let, odkar je bila s prvim zakladom na Strunjanskem klifu Slovenija postavljena na geolovski zemljevid. To geozgodovinsko obletnico bomo po\u010dastili tudi\u00a0 z novim izvirnim slovenskim sledljiv\u010dkom. Na voljo sta dve razli\u010dici<strong>: <\/strong>standardna <strong>Potovalna razli\u010dica<\/strong> iz aluminija in \u017elahtna <strong>Collector's (Limited) Edition<\/strong> iz medenine, ki bo izdelana v omejeni nakladi. \u017de danes si ju lahko zagotovite v prednaro\u010dilu, dobava pa bo predvidoma v drugi polovici junija. Prosimo, naro\u010dite \u010dim prej, saj nam boste tako pomagali pri kon\u010dni oceni naklade.<\/p>","protected":false},"featured_media":5140,"template":"","meta":[],"product_brand":[],"product_cat":[67,31],"product_tag":[],"class_list":{"0":"post-5136","1":"product","2":"type-product","3":"status-publish","4":"has-post-thumbnail","6":"product_cat-ploscice-travel-tag","7":"product_cat-sledljivcki","9":"first","10":"instock","11":"shipping-taxable","12":"purchasable","13":"product-type-variable"},"_links":{"self":[{"href":"https:\/\/trgovina.geocacher.si\/en\/wp-json\/wp\/v2\/product\/5136","targetHints":{"allow":["GET"]}}],"collection":[{"href":"https:\/\/trgovina.geocacher.si\/en\/wp-json\/wp\/v2\/product"}],"about":[{"href":"https:\/\/trgovina.geocacher.si\/en\/wp-json\/wp\/v2\/types\/product"}],"wp:featuredmedia":[{"embeddable":true,"href":"https:\/\/trgovina.geocacher.si\/en\/wp-json\/wp\/v2\/media\/5140"}],"wp:attachment":[{"href":"https:\/\/trgovina.geocacher.si\/en\/wp-json\/wp\/v2\/media?parent=5136"}],"wp:term":[{"taxonomy":"product_brand","embeddable":true,"href":"https:\/\/trgovina.geocacher.si\/en\/wp-json\/wp\/v2\/product_brand?post=5136"},{"taxonomy":"product_cat","embeddable":true,"href":"https:\/\/trgovina.geocacher.si\/en\/wp-json\/wp\/v2\/product_cat?post=5136"},{"taxonomy":"product_tag","embeddable":true,"href":"https:\/\/trgovina.geocacher.si\/en\/wp-json\/wp\/v2\/product_tag?post=5136"}],"curies":[{"name":"wp","href":"https:\/\/api.w.org\/{rel}","templated":true}]}}