{"id":5169,"date":"2026-05-04T09:05:16","date_gmt":"2026-05-04T07:05:16","guid":{"rendered":"https:\/\/trgovina.geocacher.si\/?post_type=product&#038;p=5169"},"modified":"2026-05-04T09:13:53","modified_gmt":"2026-05-04T07:13:53","slug":"cito-nano-geokovanec-obesek-za-zadrgo","status":"publish","type":"product","link":"https:\/\/trgovina.geocacher.si\/en\/product\/cito-nano-geokovanec-obesek-za-zadrgo\/","title":{"rendered":"CITO nano geokovanec \/ obesek za zadrgo"},"content":{"rendered":"<p>Kjer je geogarderoba, so tudi modni dodatki! Tale CITO geokovan\u010dek je kot nala\u0161\u010d, da ga s prilo\u017eeno karabinsko zaponko obesite na vle\u010dek zadrge. Sicer je dovolj majhen, da ga je mogo\u010de odlo\u017eiti v kak\u0161en mikro zaklad (\u010de ga po\u0161ljete po svetu). Z zaponko ga lahko pripnete na zadrgo jopice ali geonahrbtnika, veri\u017eico, zapestnico, uhan ali kak podoben kos geoopreme ali geonakita. In z njim bele\u017eite svojo pot od zaklada do zaklada. Ali \u0161e bolje, od CITO dogodka do CITO dogodka.<\/p>\n<p>Premer kova\u010dka je pribli\u017eno 1,9 cm.<strong> Naro\u010dite ga lahko \u017ee zdaj, dobava v drugi polovici maja.<\/strong><\/p>","protected":false},"excerpt":{"rendered":"<p>Kjer je geogarderoba, so tudi modni dodatki! Tale CITO geokovan\u010dek je kot nala\u0161\u010d, da ga s prilo\u017eeno karabinsko zaponko pripnete na zadrgo jopice ali geonahrbtnika, veri\u017eico, zapestnico, uhan ali kak podoben kos geoopreme ali geonakita. In z njim bele\u017eite svojo pot od zaklada do zaklada. <strong>Naro\u010dite ga lahko \u017ee zdaj, dobava v drugi polovici maja.<\/strong><\/p>","protected":false},"featured_media":5171,"template":"","meta":[],"product_brand":[],"product_cat":[32,30,142,31],"product_tag":[246],"class_list":{"0":"post-5169","1":"product","2":"type-product","3":"status-publish","4":"has-post-thumbnail","6":"product_cat-geokovanci","7":"product_cat-oblacila","8":"product_cat-prednarocilo","9":"product_cat-sledljivcki","10":"product_tag-bozicni-geomarket-2025","12":"first","13":"onbackorder","14":"shipping-taxable","15":"purchasable","16":"product-type-simple"},"_links":{"self":[{"href":"https:\/\/trgovina.geocacher.si\/en\/wp-json\/wp\/v2\/product\/5169","targetHints":{"allow":["GET"]}}],"collection":[{"href":"https:\/\/trgovina.geocacher.si\/en\/wp-json\/wp\/v2\/product"}],"about":[{"href":"https:\/\/trgovina.geocacher.si\/en\/wp-json\/wp\/v2\/types\/product"}],"wp:featuredmedia":[{"embeddable":true,"href":"https:\/\/trgovina.geocacher.si\/en\/wp-json\/wp\/v2\/media\/5171"}],"wp:attachment":[{"href":"https:\/\/trgovina.geocacher.si\/en\/wp-json\/wp\/v2\/media?parent=5169"}],"wp:term":[{"taxonomy":"product_brand","embeddable":true,"href":"https:\/\/trgovina.geocacher.si\/en\/wp-json\/wp\/v2\/product_brand?post=5169"},{"taxonomy":"product_cat","embeddable":true,"href":"https:\/\/trgovina.geocacher.si\/en\/wp-json\/wp\/v2\/product_cat?post=5169"},{"taxonomy":"product_tag","embeddable":true,"href":"https:\/\/trgovina.geocacher.si\/en\/wp-json\/wp\/v2\/product_tag?post=5169"}],"curies":[{"name":"wp","href":"https:\/\/api.w.org\/{rel}","templated":true}]}}