{"id":5190,"date":"2026-05-13T21:04:00","date_gmt":"2026-05-13T19:04:00","guid":{"rendered":"https:\/\/trgovina.geocacher.si\/?post_type=product&#038;p=5190"},"modified":"2026-05-14T22:29:39","modified_gmt":"2026-05-14T20:29:39","slug":"sledljiva-ploscica-poletni-solsticij-2026","status":"publish","type":"product","link":"https:\/\/trgovina.geocacher.si\/en\/product\/sledljiva-ploscica-poletni-solsticij-2026\/","title":{"rendered":"Sledljiva plo\u0161\u010dica Poletni solsticij 2026"},"content":{"rendered":"<p>Na na\u0161i polobli junijski solsticij pomeni koledarski za\u010detek poletja. Oznanja ga tudi sledljiva plo\u0161\u010dica z motivom leto\u0161njega poletnega spominka. Druga od \u0161tirih v seriji Letni \u010dasi 2026. <strong>Naro\u010dite jo lahko \u017ee zdaj, dobava v drugi polovici maja.<\/strong><\/p>","protected":false},"excerpt":{"rendered":"<p>Na na\u0161i polobli junijski solsticij pomeni koledarski za\u010detek poletja. Oznanja ga tudi sledljiva plo\u0161\u010dica z motivom leto\u0161njega poletnega spominka. Druga od \u0161tirih v seriji Letni \u010dasi 2026. <strong>Naro\u010dite jo lahko \u017ee zdaj, dobava v drugi polovici maja.<\/strong><\/p>","protected":false},"featured_media":5191,"template":"","meta":[],"product_brand":[],"product_cat":[67,31],"product_tag":[],"class_list":{"0":"post-5190","1":"product","2":"type-product","3":"status-publish","4":"has-post-thumbnail","6":"product_cat-ploscice-travel-tag","7":"product_cat-sledljivcki","9":"first","10":"instock","11":"shipping-taxable","12":"purchasable","13":"product-type-simple"},"_links":{"self":[{"href":"https:\/\/trgovina.geocacher.si\/en\/wp-json\/wp\/v2\/product\/5190","targetHints":{"allow":["GET"]}}],"collection":[{"href":"https:\/\/trgovina.geocacher.si\/en\/wp-json\/wp\/v2\/product"}],"about":[{"href":"https:\/\/trgovina.geocacher.si\/en\/wp-json\/wp\/v2\/types\/product"}],"wp:featuredmedia":[{"embeddable":true,"href":"https:\/\/trgovina.geocacher.si\/en\/wp-json\/wp\/v2\/media\/5191"}],"wp:attachment":[{"href":"https:\/\/trgovina.geocacher.si\/en\/wp-json\/wp\/v2\/media?parent=5190"}],"wp:term":[{"taxonomy":"product_brand","embeddable":true,"href":"https:\/\/trgovina.geocacher.si\/en\/wp-json\/wp\/v2\/product_brand?post=5190"},{"taxonomy":"product_cat","embeddable":true,"href":"https:\/\/trgovina.geocacher.si\/en\/wp-json\/wp\/v2\/product_cat?post=5190"},{"taxonomy":"product_tag","embeddable":true,"href":"https:\/\/trgovina.geocacher.si\/en\/wp-json\/wp\/v2\/product_tag?post=5190"}],"curies":[{"name":"wp","href":"https:\/\/api.w.org\/{rel}","templated":true}]}}