{"id":5197,"date":"2026-05-14T09:41:48","date_gmt":"2026-05-14T07:41:48","guid":{"rendered":"https:\/\/trgovina.geocacher.si\/?post_type=product&#038;p=5197"},"modified":"2026-05-14T09:51:53","modified_gmt":"2026-05-14T07:51:53","slug":"barvni-geocaching-logo-nasitek-maksi","status":"publish","type":"product","link":"https:\/\/trgovina.geocacher.si\/en\/product\/barvni-geocaching-logo-nasitek-maksi\/","title":{"rendered":"Barvni Geocaching logo na\u0161itek (maksi)"},"content":{"rendered":"<p>Vam gre na \u017eivce, da vas ljudje spra\u0161ujejo, \u010de lovite Pokemone? Imamo pravo re\u0161itev za vas! Z na\u0161itkom Geocaching bo vsakomur jasno, da ste geolovec (tudi tistim z zelo veliko dioptrijo). Vsaj geolovcem. Bunkljem bo morda kljub temu treba vse razlo\u017eiti od za\u010detka. Na\u0161itek boste zlahka pritrdili na svoje najljub\u0161e geoobla\u010dilo ali geoopremo s \u0161ivom ali likalnikom (na zadnji strani ima prevleko, ki se na primerni temperaturi oprime podlage). <strong>Na\u0161itek meri\u00a0 3 x 3 palce, kar je \u010dez palec 7,6 x 7,6 cm<\/strong>. Ravno prav velik, da ni premajhen, in ravno prav majhen, da ni prevelik. Modni dodatek, ki ga morate imeti!<\/p>","protected":false},"excerpt":{"rendered":"<p>Modni dodatek, ki ga lahko pritrdite na svojo najljub\u0161o geoopremo s \u0161ivom ali likalnikom. Na\u0161itek meri\u00a0 3 x 3 palce, kar je \u010dez palec 7,6 x 7,6 cm. Ravno prav velik, da ni premajhen, in ravno prav majhen, da ni prevelik. Modni dodatek, ki ga morate imeti!<\/p>","protected":false},"featured_media":5198,"template":"","meta":[],"product_brand":[],"product_cat":[66,112,139],"product_tag":[],"class_list":{"0":"post-5197","1":"product","2":"type-product","3":"status-publish","4":"has-post-thumbnail","6":"product_cat-geocaching","7":"product_cat-oprema","8":"product_cat-oprema-nasitki","10":"first","11":"instock","12":"shipping-taxable","13":"purchasable","14":"product-type-simple"},"_links":{"self":[{"href":"https:\/\/trgovina.geocacher.si\/en\/wp-json\/wp\/v2\/product\/5197","targetHints":{"allow":["GET"]}}],"collection":[{"href":"https:\/\/trgovina.geocacher.si\/en\/wp-json\/wp\/v2\/product"}],"about":[{"href":"https:\/\/trgovina.geocacher.si\/en\/wp-json\/wp\/v2\/types\/product"}],"wp:featuredmedia":[{"embeddable":true,"href":"https:\/\/trgovina.geocacher.si\/en\/wp-json\/wp\/v2\/media\/5198"}],"wp:attachment":[{"href":"https:\/\/trgovina.geocacher.si\/en\/wp-json\/wp\/v2\/media?parent=5197"}],"wp:term":[{"taxonomy":"product_brand","embeddable":true,"href":"https:\/\/trgovina.geocacher.si\/en\/wp-json\/wp\/v2\/product_brand?post=5197"},{"taxonomy":"product_cat","embeddable":true,"href":"https:\/\/trgovina.geocacher.si\/en\/wp-json\/wp\/v2\/product_cat?post=5197"},{"taxonomy":"product_tag","embeddable":true,"href":"https:\/\/trgovina.geocacher.si\/en\/wp-json\/wp\/v2\/product_tag?post=5197"}],"curies":[{"name":"wp","href":"https:\/\/api.w.org\/{rel}","templated":true}]}}